{"id":111,"date":"2014-09-09T17:45:24","date_gmt":"2014-09-09T15:45:24","guid":{"rendered":"http:\/\/www.xn--natrlichlydia-yob.de\/?page_id=111"},"modified":"2023-10-31T10:09:24","modified_gmt":"2023-10-31T09:09:24","slug":"seminare-vortraege","status":"publish","type":"page","link":"http:\/\/www.natuerlichlydia.de\/?page_id=111","title":{"rendered":"SEMINARE\/VORTR\u00c4GE"},"content":{"rendered":"<h1>Kursbeschreibung:<\/h1>\n<p>Warum \u00fcberhaupt FASTEN? Wer darf? Wer besser nicht?<\/p>\n<p>Was passiert im K\u00f6rper beim Fasten?<\/p>\n<p>Fasten hei\u00dft nicht Nulldi\u00e4t.<\/p>\n<p>Sie erfahren z.B. etwas \u00fcber das traditionelle Buchinger Fasten, die Mayr-kur, das Basenfasten oder auch das Fasten nach Hildegard von Bingen.<\/p>\n<p>Ich biete anschlie\u00dfend eine gemeinsame Fastenwoche in der Gruppe an, in der Sie ihren pers\u00f6nlichen Erfahrungsweg gehen k\u00f6nnen und werde Sie mit Darmmassagen, Leberwickeln und Rat begleiten.<\/p>\n<p><strong>Vortrag: Fasten- verschiedene M\u00f6glichkeiten <\/strong><\/p>\n<p><strong>Aktive Gesundheitsf\u00f6rderung <\/strong><\/p>\n<p>Neue Termine Februar 2024<\/p>\n<p>Geb\u00fchren: 15,00\u20ac inklusive ausf\u00fchrlichem Skript<\/p>\n<p>Vortragsraum M\u00fcnsterstr. 10, 59348 L\u00fcdinghausen<\/p>\n<p><strong>Anmeldung: per mail <\/strong><a href=\"mailto:praxis@natuerlichlydia.de\">praxis@natuerlichlydia.de<\/a><\/p>\n<p>Nach,Zahlungseingang auf:<\/p>\n<p>Volksbank Senden<br \/>\nLydia Diekmann<br \/>\nISBN: DE 37 4006 9546 0028 2618 00<br \/>\nBIC: GENODEMISDN<\/p>\n<p>erfolgt die Anmeldebest\u00e4tigung per e-mail<\/p>\n","protected":false},"excerpt":{"rendered":"<p>Kursbeschreibung: Warum \u00fcberhaupt FASTEN? Wer darf? Wer besser nicht? Was passiert im K\u00f6rper beim Fasten? Fasten hei\u00dft nicht Nulldi\u00e4t. Sie&hellip;<\/p>\n","protected":false},"author":1,"featured_media":0,"parent":0,"menu_order":0,"comment_status":"closed","ping_status":"closed","template":"","meta":{"footnotes":""},"class_list":["post-111","page","type-page","status-publish","hentry"],"jetpack_sharing_enabled":true,"_links":{"self":[{"href":"http:\/\/www.natuerlichlydia.de\/index.php?rest_route=\/wp\/v2\/pages\/111","targetHints":{"allow":["GET"]}}],"collection":[{"href":"http:\/\/www.natuerlichlydia.de\/index.php?rest_route=\/wp\/v2\/pages"}],"about":[{"href":"http:\/\/www.natuerlichlydia.de\/index.php?rest_route=\/wp\/v2\/types\/page"}],"author":[{"embeddable":true,"href":"http:\/\/www.natuerlichlydia.de\/index.php?rest_route=\/wp\/v2\/users\/1"}],"replies":[{"embeddable":true,"href":"http:\/\/www.natuerlichlydia.de\/index.php?rest_route=%2Fwp%2Fv2%2Fcomments&post=111"}],"version-history":[{"count":17,"href":"http:\/\/www.natuerlichlydia.de\/index.php?rest_route=\/wp\/v2\/pages\/111\/revisions"}],"predecessor-version":[{"id":201,"href":"http:\/\/www.natuerlichlydia.de\/index.php?rest_route=\/wp\/v2\/pages\/111\/revisions\/201"}],"wp:attachment":[{"href":"http:\/\/www.natuerlichlydia.de\/index.php?rest_route=%2Fwp%2Fv2%2Fmedia&parent=111"}],"curies":[{"name":"wp","href":"https:\/\/api.w.org\/{rel}","templated":true}]}}