{"id":204,"date":"2015-01-10T09:37:58","date_gmt":"2015-01-10T08:37:58","guid":{"rendered":"http:\/\/www.natuerlichlydia.de\/?page_id=204"},"modified":"2018-02-26T19:46:20","modified_gmt":"2018-02-26T18:46:20","slug":"hildegardmedizin","status":"publish","type":"page","link":"http:\/\/www.natuerlichlydia.de\/?page_id=204","title":{"rendered":"Hildegardmedizin"},"content":{"rendered":"<p>Hildegard von Bingen, 1098 geboren. Erst 1960 bem\u00fchte sich Dr. Hertzka und der Apotheker M. Breindl ihre Rezepturen f\u00fcr uns zug\u00e4nglich zu machen.<\/p>\n<p>Hildegard nahm Stellung zu unterschiedlichen Lebensthemen und medizinischen Bereichen. Die therapeutischen Ans\u00e4tze finden wir in ihren K\u00fcchengeheimnissen, Phyto-, Ordnungs-, Ausleitungs-, sowie der Edelsteintherapie.<\/p>\n<p>Ihre sechs Lebensregeln sind selbst in unserer Zeit noch wertvoll.<\/p>\n<ol>\n<li>Regulieren Sie Schlaf und Wachen zur Regeneration \u00fcberstrapazierter Nerven.<\/li>\n<li>Achten Sie beim Essen und Trinken auf die Subtilit\u00e4t der Lebensmittel, also auch die nat\u00fcrlichen Heilkr\u00e4fte, welche die Natur f\u00fcr den Menschen bereith\u00e4lt.<\/li>\n<li>Bringen Sie Bewegung und Ruhe in ein gesundes Gleichgewicht.<\/li>\n<li>Sch\u00f6pfen Sie Lebensenergie aus den vier Elementen \u2013 Feuer, Luft, Wasser, Erde \u2013 durch positive Naturerlebnisse und nat\u00fcrliche Heilmittel.<\/li>\n<li>F\u00f6rdern Sie Ausleitungen von Verunreinigungen und Schadstoffe aus dem Bindegewebe.<\/li>\n<li>Stabilisieren Sie seelische Abwehrkr\u00e4fte durch Erkennen der eigenen Schattenseiten und versuchen Sie, diese durch heilende Schutzfaktoren auszugleichen.<\/li>\n<\/ol>\n<p>So versuche ich diese sechs Lebensregeln in die Therapie, je nach ihren Bed\u00fcrfnissen mit einflie\u00dfen zu lassen.<\/p>\n<p>Die Hildegardmedizin geh\u00f6rt zu den klassisch, naturheilkundlichen Methoden, f\u00fcr die es keine wissenschaftlichen Beweise f\u00fcr Wirkung und Wirksamkeit gibt, sondern auf Erfahrungsmedizin beruht.<\/p>\n","protected":false},"excerpt":{"rendered":"<p>Hildegard von Bingen, 1098 geboren. Erst 1960 bem\u00fchte sich Dr. Hertzka und der Apotheker M. Breindl ihre Rezepturen f\u00fcr uns&hellip;<\/p>\n","protected":false},"author":1,"featured_media":0,"parent":0,"menu_order":0,"comment_status":"open","ping_status":"open","template":"","meta":{"footnotes":""},"class_list":["post-204","page","type-page","status-publish","hentry"],"jetpack_sharing_enabled":true,"_links":{"self":[{"href":"http:\/\/www.natuerlichlydia.de\/index.php?rest_route=\/wp\/v2\/pages\/204","targetHints":{"allow":["GET"]}}],"collection":[{"href":"http:\/\/www.natuerlichlydia.de\/index.php?rest_route=\/wp\/v2\/pages"}],"about":[{"href":"http:\/\/www.natuerlichlydia.de\/index.php?rest_route=\/wp\/v2\/types\/page"}],"author":[{"embeddable":true,"href":"http:\/\/www.natuerlichlydia.de\/index.php?rest_route=\/wp\/v2\/users\/1"}],"replies":[{"embeddable":true,"href":"http:\/\/www.natuerlichlydia.de\/index.php?rest_route=%2Fwp%2Fv2%2Fcomments&post=204"}],"version-history":[{"count":4,"href":"http:\/\/www.natuerlichlydia.de\/index.php?rest_route=\/wp\/v2\/pages\/204\/revisions"}],"predecessor-version":[{"id":322,"href":"http:\/\/www.natuerlichlydia.de\/index.php?rest_route=\/wp\/v2\/pages\/204\/revisions\/322"}],"wp:attachment":[{"href":"http:\/\/www.natuerlichlydia.de\/index.php?rest_route=%2Fwp%2Fv2%2Fmedia&parent=204"}],"curies":[{"name":"wp","href":"https:\/\/api.w.org\/{rel}","templated":true}]}}