{"id":255,"date":"2015-04-08T19:05:00","date_gmt":"2015-04-08T17:05:00","guid":{"rendered":"http:\/\/www.natuerlichlydia.de\/?page_id=255"},"modified":"2021-07-11T18:50:16","modified_gmt":"2021-07-11T16:50:16","slug":"kapuzinerkresse-das-probiotikum","status":"publish","type":"page","link":"http:\/\/www.natuerlichlydia.de\/?page_id=255","title":{"rendered":"Kapuzinerkresse &#8211; das Probiotikum"},"content":{"rendered":"<p><span style=\"font-size:medium;\">(Tropaeolium majus)<\/span><br \/>\n<span style=\"font-size:medium;\">Arzneiliche Verwendung findet die ganze Pflanze.<\/span><br \/>\n<span style=\"font-size:medium;\">Bl\u00fcten eignen sich f\u00fcr die Salatzubereitung, oder zerrieben mit Traubenzucker als \u201es\u00fc\u00dfe Farbe\u201c im Naturjoghurt.<\/span><br \/>\n<span style=\"font-size:medium;\">Aus den Bl\u00e4ttern bereiten Sie sich eine abwehrst\u00e4rkende Tinktur.<\/span><\/p>\n<p>D<span style=\"font-size:medium;\">ie Kapuzinerkresse enth\u00e4lt Benzylsenf\u00f6l, das nicht nur eine Sch\u00e4rfe im Geschmack macht, sondern eine antibiotische Wirkung entfaltet.<\/span><br \/>\n<span style=\"font-size:medium;\"><strong>Tinkturherstellung:<\/strong><\/span><br \/>\n<span style=\"font-size:medium;\"><strong>Sie brauchen:<\/strong><\/span><\/p>\n<p>&#8211; <span style=\"font-size:medium;\">1 Marmeladenglas mit Schraubverschluss<br \/>\n&#8211; Kapuzinerkressebl\u00e4tter (so viel das 1\/3 des Glases gef\u00fcllt ist)<br \/>\n&#8211; Wodka 37 &#8211; 45 Vol.%<\/span><br \/>\n<span style=\"font-size:medium;\"><strong>Zubereitung:<\/strong> <\/span><br \/>\n<span style=\"font-size:medium;\">&#8211; Bl\u00e4tter grob zerkleinern, mit Wodka auff\u00fcllen, Glas verschlie\u00dfen.<\/span><br \/>\n<span style=\"font-size:medium;\">Zur Reifung f\u00fcr 4 Wochen in die Sonne stellen. W\u00e4hrend der Reifung 1 x tgl. sch\u00fctteln und dann den Deckel kurz \u00f6ffnen zum Entl\u00fcften. Danach wieder schlie\u00dfen und so fortfahren.<\/span><br \/>\n<span style=\"font-size:medium;\">Nach der Reifung die Tinktur abseihen, (z.B. durch einen Kaffeefilter gie\u00dfen) und in eine dunkle Tropfenflasche f\u00fcllen. (Erh\u00e4ltlich in der Apotheke oder auf z. B. <a href=\"http:\/\/www.glasundflaschen.de\">www.glasundflaschen.de<\/a>)<\/span><br \/>\n<span style=\"font-size:medium;\">Zur beginnenden Herbstsaison und Erk\u00e4ltungswetter nehmen Sie von diesen Tropfen 2 x tgl. 10 Tr. in etwas Wasser ein.<\/span><br \/>\n<span style=\"font-size:medium;\">Ich w\u00fcnsche gutes Gelingen und eine erk\u00e4ltungsfreie Zeit.<\/span><\/p>\n","protected":false},"excerpt":{"rendered":"<p>(Tropaeolium majus) Arzneiliche Verwendung findet die ganze Pflanze. Bl\u00fcten eignen sich f\u00fcr die Salatzubereitung, oder zerrieben mit Traubenzucker als \u201es\u00fc\u00dfe&hellip;<\/p>\n","protected":false},"author":1,"featured_media":0,"parent":0,"menu_order":0,"comment_status":"closed","ping_status":"closed","template":"","meta":{"footnotes":""},"class_list":["post-255","page","type-page","status-publish","hentry"],"jetpack_sharing_enabled":true,"_links":{"self":[{"href":"http:\/\/www.natuerlichlydia.de\/index.php?rest_route=\/wp\/v2\/pages\/255","targetHints":{"allow":["GET"]}}],"collection":[{"href":"http:\/\/www.natuerlichlydia.de\/index.php?rest_route=\/wp\/v2\/pages"}],"about":[{"href":"http:\/\/www.natuerlichlydia.de\/index.php?rest_route=\/wp\/v2\/types\/page"}],"author":[{"embeddable":true,"href":"http:\/\/www.natuerlichlydia.de\/index.php?rest_route=\/wp\/v2\/users\/1"}],"replies":[{"embeddable":true,"href":"http:\/\/www.natuerlichlydia.de\/index.php?rest_route=%2Fwp%2Fv2%2Fcomments&post=255"}],"version-history":[{"count":4,"href":"http:\/\/www.natuerlichlydia.de\/index.php?rest_route=\/wp\/v2\/pages\/255\/revisions"}],"predecessor-version":[{"id":480,"href":"http:\/\/www.natuerlichlydia.de\/index.php?rest_route=\/wp\/v2\/pages\/255\/revisions\/480"}],"wp:attachment":[{"href":"http:\/\/www.natuerlichlydia.de\/index.php?rest_route=%2Fwp%2Fv2%2Fmedia&parent=255"}],"curies":[{"name":"wp","href":"https:\/\/api.w.org\/{rel}","templated":true}]}}