{"id":44,"date":"2014-07-26T22:33:43","date_gmt":"2014-07-26T20:33:43","guid":{"rendered":"http:\/\/www.xn--natrlichlydia-yob.de\/?page_id=44"},"modified":"2021-07-11T18:04:33","modified_gmt":"2021-07-11T16:04:33","slug":"phyto-aromatherapie-spagyrik","status":"publish","type":"page","link":"http:\/\/www.natuerlichlydia.de\/?page_id=44","title":{"rendered":"Phyto-\/Aromatherapie\/Spagyrik"},"content":{"rendered":"<p>Die Kenntnis u. Nennung von Heilpflanzen geht weit in die Geschichte zur\u00fcck, bereits zwischen 1500 u. 1000 v. Chr. waren Heilpflanzen im Ayurweda bekannt.<\/p>\n<p>Bis in unsere Zeit ist die Erfahrungsheilkunde verfeinert worden und selbst aus schulmedizinischer Sicht keine Au\u00dfenseitermethode.<\/p>\n<p><strong>Pflanzentherapeutika<\/strong> sind moderne Naturheilmittel mit breitem Wirkungsspektrum, die exakt dosiert werden m\u00fcssen und <strong>keineswegs<\/strong> \u201enur rein pflanzlich\u201c und damit ungef\u00e4hrlich sind.<br \/>\nDie Phytotherapie ist vom Gesetzgeber als besonderes Therapieverfahren anerkannt<strong>.<\/strong><\/p>\n<p>Die<strong> Aromatherapie<\/strong> ist ein Teil der Pflanzenheilkunde. Das \u00e4therische \u00d6l einer Pflanze wird verd\u00fcnnt und mit unterschiedlichen Basis\u00f6len zu pflegerischen und therapeutischen Zwecken als Einreibung, Inhalation oder zur Einnahme eingesetzt. Die Aromatherapie und \u2013pflege wird bereits in Pflegeheimen, Hospizen, Krankenh\u00e4usern etc. genutzt und erfreut sich beachtlicher Erfolge.<\/p>\n<p>Auch die <strong>Spagyrik <\/strong>ist ein Teilbereich der Pflanzenheilkunde. Spagyrische Heilmittel werden nach den Methoden der Alchemie, gepr\u00e4gt von Paracelsus, hergestellt. Sie wirken auf materieller Ebene, bekannt durch die Wirkung und Gebrauch pflanzlicher Arzneien, aber auch auf einer Informationsebene, vergleichbar mit hom\u00f6opathischen Mitteln.<\/p>\n<p>Ein gro\u00dfer Vorteil der verf\u00fcgbaren Spagyriker machen es m\u00f6glich, dass sie  ganz individuell, gemischt als Spray, zusammengestellt werden k\u00f6nnen.<\/p>\n<p>Fragen Sie mich, auch per email, ich gebe gerne Auskunft.<\/p>\n","protected":false},"excerpt":{"rendered":"<p>Die Kenntnis u. Nennung von Heilpflanzen geht weit in die Geschichte zur\u00fcck, bereits zwischen 1500 u. 1000 v. Chr. waren&hellip;<\/p>\n","protected":false},"author":1,"featured_media":0,"parent":0,"menu_order":0,"comment_status":"closed","ping_status":"closed","template":"","meta":{"footnotes":""},"class_list":["post-44","page","type-page","status-publish","hentry"],"jetpack_sharing_enabled":true,"_links":{"self":[{"href":"http:\/\/www.natuerlichlydia.de\/index.php?rest_route=\/wp\/v2\/pages\/44","targetHints":{"allow":["GET"]}}],"collection":[{"href":"http:\/\/www.natuerlichlydia.de\/index.php?rest_route=\/wp\/v2\/pages"}],"about":[{"href":"http:\/\/www.natuerlichlydia.de\/index.php?rest_route=\/wp\/v2\/types\/page"}],"author":[{"embeddable":true,"href":"http:\/\/www.natuerlichlydia.de\/index.php?rest_route=\/wp\/v2\/users\/1"}],"replies":[{"embeddable":true,"href":"http:\/\/www.natuerlichlydia.de\/index.php?rest_route=%2Fwp%2Fv2%2Fcomments&post=44"}],"version-history":[{"count":7,"href":"http:\/\/www.natuerlichlydia.de\/index.php?rest_route=\/wp\/v2\/pages\/44\/revisions"}],"predecessor-version":[{"id":468,"href":"http:\/\/www.natuerlichlydia.de\/index.php?rest_route=\/wp\/v2\/pages\/44\/revisions\/468"}],"wp:attachment":[{"href":"http:\/\/www.natuerlichlydia.de\/index.php?rest_route=%2Fwp%2Fv2%2Fmedia&parent=44"}],"curies":[{"name":"wp","href":"https:\/\/api.w.org\/{rel}","templated":true}]}}