{"id":465,"date":"2021-08-05T20:19:20","date_gmt":"2021-08-05T18:19:20","guid":{"rendered":"http:\/\/www.natuerlichlydia.de\/?page_id=465"},"modified":"2021-09-09T21:57:45","modified_gmt":"2021-09-09T19:57:45","slug":"hormonbalance","status":"publish","type":"page","link":"http:\/\/www.natuerlichlydia.de\/?page_id=465","title":{"rendered":"Hormonbalance"},"content":{"rendered":"\n<p>Hormone haben nicht nur eine Bedeutung w\u00e4hrend der Wechseljahre, sondern steuern viele K\u00f6rperfunktionen, wobei sie sehr harmonisch zusammenarbeiten. Fehlt es an Hormonbalance f\u00fchlen wir uns unwohl oder werden krank. (Beispiele: Akne, Schilddr\u00fcsenfunktionsst\u00f6rungen, Diabetes Typ 1, Nebennierenschw\u00e4che, Schlafst\u00f6rungen). Mit Hilfe eines Speichelhormontest, l\u00e4sst sich dieser Bereich untersuchen und begleitend behandeln.<\/p>\n","protected":false},"excerpt":{"rendered":"<p>Hormone haben nicht nur eine Bedeutung w\u00e4hrend der Wechseljahre, sondern steuern viele K\u00f6rperfunktionen, wobei sie sehr harmonisch zusammenarbeiten. Fehlt es&hellip;<\/p>\n","protected":false},"author":1,"featured_media":0,"parent":0,"menu_order":0,"comment_status":"closed","ping_status":"closed","template":"","meta":{"footnotes":""},"class_list":["post-465","page","type-page","status-publish","hentry"],"jetpack_sharing_enabled":true,"_links":{"self":[{"href":"http:\/\/www.natuerlichlydia.de\/index.php?rest_route=\/wp\/v2\/pages\/465","targetHints":{"allow":["GET"]}}],"collection":[{"href":"http:\/\/www.natuerlichlydia.de\/index.php?rest_route=\/wp\/v2\/pages"}],"about":[{"href":"http:\/\/www.natuerlichlydia.de\/index.php?rest_route=\/wp\/v2\/types\/page"}],"author":[{"embeddable":true,"href":"http:\/\/www.natuerlichlydia.de\/index.php?rest_route=\/wp\/v2\/users\/1"}],"replies":[{"embeddable":true,"href":"http:\/\/www.natuerlichlydia.de\/index.php?rest_route=%2Fwp%2Fv2%2Fcomments&post=465"}],"version-history":[{"count":2,"href":"http:\/\/www.natuerlichlydia.de\/index.php?rest_route=\/wp\/v2\/pages\/465\/revisions"}],"predecessor-version":[{"id":523,"href":"http:\/\/www.natuerlichlydia.de\/index.php?rest_route=\/wp\/v2\/pages\/465\/revisions\/523"}],"wp:attachment":[{"href":"http:\/\/www.natuerlichlydia.de\/index.php?rest_route=%2Fwp%2Fv2%2Fmedia&parent=465"}],"curies":[{"name":"wp","href":"https:\/\/api.w.org\/{rel}","templated":true}]}}