{"id":477,"date":"2021-07-11T18:37:28","date_gmt":"2021-07-11T16:37:28","guid":{"rendered":"http:\/\/www.natuerlichlydia.de\/?page_id=477"},"modified":"2025-04-25T18:08:20","modified_gmt":"2025-04-25T16:08:20","slug":"begleitende-frauenheilkunde","status":"publish","type":"page","link":"http:\/\/www.natuerlichlydia.de\/?page_id=477","title":{"rendered":"Begleitende Frauenheilkunde"},"content":{"rendered":"\r\n<p>Mit Beginn der Pubert\u00e4t bis nach den Wechseljahren unterliegen Frau und Mann besonderen hormonellen Einfl\u00fcssen mit unterschiedlicher Symptomatik. Von Zyklusunregelm\u00e4\u00dfigkeiten, Ersch\u00f6pfungszust\u00e4nden, Myomen, Zysten, Endometriose, Wechseljahresbeschwerden bis zur Hormonersatztherapie gibt es naturheilkundliche M\u00f6glichkeiten den K\u00f6rper regulative zu unterst\u00fctzen. Dies gelingt durch die Therapeutische Frauenmassage in Verbindung mit naturidentischen Hormonen, Spagyrik, Ern\u00e4hrung, Aromatherapie und Pflanzenheilkunde.<\/p>\r\n","protected":false},"excerpt":{"rendered":"<p>Mit Beginn der Pubert\u00e4t bis nach den Wechseljahren unterliegen Frau und Mann besonderen hormonellen Einfl\u00fcssen mit unterschiedlicher Symptomatik. Von Zyklusunregelm\u00e4\u00dfigkeiten,&hellip;<\/p>\n","protected":false},"author":1,"featured_media":0,"parent":0,"menu_order":0,"comment_status":"closed","ping_status":"closed","template":"","meta":{"footnotes":""},"class_list":["post-477","page","type-page","status-publish","hentry"],"jetpack_sharing_enabled":true,"_links":{"self":[{"href":"http:\/\/www.natuerlichlydia.de\/index.php?rest_route=\/wp\/v2\/pages\/477","targetHints":{"allow":["GET"]}}],"collection":[{"href":"http:\/\/www.natuerlichlydia.de\/index.php?rest_route=\/wp\/v2\/pages"}],"about":[{"href":"http:\/\/www.natuerlichlydia.de\/index.php?rest_route=\/wp\/v2\/types\/page"}],"author":[{"embeddable":true,"href":"http:\/\/www.natuerlichlydia.de\/index.php?rest_route=\/wp\/v2\/users\/1"}],"replies":[{"embeddable":true,"href":"http:\/\/www.natuerlichlydia.de\/index.php?rest_route=%2Fwp%2Fv2%2Fcomments&post=477"}],"version-history":[{"count":3,"href":"http:\/\/www.natuerlichlydia.de\/index.php?rest_route=\/wp\/v2\/pages\/477\/revisions"}],"predecessor-version":[{"id":565,"href":"http:\/\/www.natuerlichlydia.de\/index.php?rest_route=\/wp\/v2\/pages\/477\/revisions\/565"}],"wp:attachment":[{"href":"http:\/\/www.natuerlichlydia.de\/index.php?rest_route=%2Fwp%2Fv2%2Fmedia&parent=477"}],"curies":[{"name":"wp","href":"https:\/\/api.w.org\/{rel}","templated":true}]}}