{"id":59,"date":"2014-07-27T16:44:30","date_gmt":"2014-07-27T14:44:30","guid":{"rendered":"http:\/\/www.xn--natrlichlydia-yob.de\/?page_id=59"},"modified":"2025-04-25T15:57:01","modified_gmt":"2025-04-25T13:57:01","slug":"ausleitungsverfahren","status":"publish","type":"page","link":"http:\/\/www.natuerlichlydia.de\/?page_id=59","title":{"rendered":"Klassische Naturheilverfahren"},"content":{"rendered":"<p>Der K\u00f6rper ist vielen Reizen, Einfl\u00fcssen und Belastungen ausgesetzt, die u.a. zu Schmerzen, Muskelverspannungen oder Entz\u00fcndungen f\u00fchren k\u00f6nnen. Verfahren zur <strong>Ausleitung<\/strong>, (\u201eEntgiftung, Entschlackung\u201c) sind Begriffe aus der traditionellen Naturheilkunde, die so pathophysiologisch sicher nicht ganz zutreffen. Die Schulmedizin bezeichnet es als Stoffwechselendprodukte, meint im Prinzip aber das Gleiche.<\/p>\n<p>Da ich Naturheilkunde betreibe, benutze ich diese Verfahren, wie z.B<strong>. Schr\u00f6pfen<\/strong>, <strong>Schr\u00f6pfkopfmassagen,<\/strong> <strong>Baunscheidtieren<\/strong> und <strong>Aderlass \u00a0<\/strong>(m\u00f6gliche Einsatzgebiete sind z.B. Bluthochdruck, Migr\u00e4ne, Wechseljahresbeschwerden), im Sinne einer Regulationstherapie. Diese Ausleitungsverfahren werden schon seit Jahrhunderten ge\u00fcbt, sind bisher aber nie ernsthaft wissenschaftlich untersucht worden. Geh\u00f6ren aber zur Kernkompetenz der Naturheilkunde.<\/p>\n<p>Die <strong>Neuraltherapie<\/strong> nach Huneke ist ebenso ein traditionell ganzheitliches Therapieverfahren ohne wissenschaftliche Anerkennung, das durch die Br\u00fcder Dr. Ferdinand und Dr. Walter Huneke im Jahr 1925 entwickelt wurde. So wird diese Behandlung aus der Sicht der Entwickler bei Schmerzen oder zur Beseitigung von St\u00f6rfeldern, wie Narben, eingesetzt. Ihr Ziel ist die Selbstregulation des Organismus \u00fcber das vegetative Nervensystem mittels Injektionen, mit einem kurz wirkenden Lokalan\u00e4sthetikum (Procain oder Lidocain).<\/p>\n","protected":false},"excerpt":{"rendered":"<p>Der K\u00f6rper ist vielen Reizen, Einfl\u00fcssen und Belastungen ausgesetzt, die u.a. zu Schmerzen, Muskelverspannungen oder Entz\u00fcndungen f\u00fchren k\u00f6nnen. Verfahren zur&hellip;<\/p>\n","protected":false},"author":1,"featured_media":0,"parent":0,"menu_order":0,"comment_status":"closed","ping_status":"closed","template":"","meta":{"footnotes":""},"class_list":["post-59","page","type-page","status-publish","hentry"],"jetpack_sharing_enabled":true,"_links":{"self":[{"href":"http:\/\/www.natuerlichlydia.de\/index.php?rest_route=\/wp\/v2\/pages\/59","targetHints":{"allow":["GET"]}}],"collection":[{"href":"http:\/\/www.natuerlichlydia.de\/index.php?rest_route=\/wp\/v2\/pages"}],"about":[{"href":"http:\/\/www.natuerlichlydia.de\/index.php?rest_route=\/wp\/v2\/types\/page"}],"author":[{"embeddable":true,"href":"http:\/\/www.natuerlichlydia.de\/index.php?rest_route=\/wp\/v2\/users\/1"}],"replies":[{"embeddable":true,"href":"http:\/\/www.natuerlichlydia.de\/index.php?rest_route=%2Fwp%2Fv2%2Fcomments&post=59"}],"version-history":[{"count":5,"href":"http:\/\/www.natuerlichlydia.de\/index.php?rest_route=\/wp\/v2\/pages\/59\/revisions"}],"predecessor-version":[{"id":341,"href":"http:\/\/www.natuerlichlydia.de\/index.php?rest_route=\/wp\/v2\/pages\/59\/revisions\/341"}],"wp:attachment":[{"href":"http:\/\/www.natuerlichlydia.de\/index.php?rest_route=%2Fwp%2Fv2%2Fmedia&parent=59"}],"curies":[{"name":"wp","href":"https:\/\/api.w.org\/{rel}","templated":true}]}}