{"id":81,"date":"2014-07-27T18:32:09","date_gmt":"2014-07-27T16:32:09","guid":{"rendered":"http:\/\/www.xn--natrlichlydia-yob.de\/?page_id=81"},"modified":"2025-04-25T15:45:44","modified_gmt":"2025-04-25T13:45:44","slug":"willkommen","status":"publish","type":"page","link":"http:\/\/www.natuerlichlydia.de\/","title":{"rendered":"Willkommen"},"content":{"rendered":"<style type=\"text\/css\">\n            #resume-745.rb-template-container { max-width: 100% !important; margin-left: auto; margin-right: auto; }            #resume-745 .rbt-header-wrapper { border-color: rgba( 0, 0, 0, 0.2 ); }\n            #resume-745.rb-template-container { background: transparent !important; box-sizing: border-box; padding: 0 !important; }                                                @media screen and (max-width: 900px) {\n                #resume-745.rb-template-container {\n                    padding:45px !important;\n                }\n            }\n        <\/style><section id=\"resume-745\" class=\"rb-template-container\"><div class=\"rb-template-default\"><div class=\"rbt-header-wrapper\"><style type=\"text\/css\">\n\t#rb-template-727 .rbt-header .rbt-name,\n\t#rb-template-727 .rbt-header .rbt-title { color:#000000; }\n\t#rb-template-727 .rbt-header .rb-button { background:#f49390; }\n\t#rb-template-727 .rbt-header .rb-button:hover { background:#000000; }\n\t#rb-template-727 .rbt-header > .rbt-photo { width: 200px; height: 200px; }\n<\/style>\n\n<div id=\"rb-template-727\" class=\"rb-template-default\">\n\t<section class=\"rbt-header rb-resume-has-photo\">\n\n\t\t\t\t\n\t\t\t\t\t<div class=\"rbt-photo\" style=\"background-image: url( 'http:\/\/natuerlichlydia.de\/wp-content\/uploads\/2021\/08\/ddt08247_51386911655_oII.jpg' )\">&nbsp;<\/div>\n\t\t\t\n\t\t\t\n\t\t<div class=\"rbt-name\">Lydia<\/div>\n\t\n\t\t\t\n\t\t<div class=\"rbt-title\">Kurzbiographie<\/div>\t\t\n\t\t \n\t\n\t\t\t\n\t<\/section>\n<\/div><style type=\"text\/css\">\n\t\t#rb-template-911 .rbt-contact-info,\n\t\t#rb-template-911 .rbt-ci-block { border-color: rgba( 0, 0, 0, 0.2 ); }\n\t\t#rb-template-911 .rbt-contact-info a { color:#f49390; }\n\t\t#rb-template-911 .rbt-contact-info svg path { stroke:#000000; }\n\t\t#rb-template-911 .rbt-contact-info,\n\t\t#rb-template-911 .rbt-contact-info a:hover { color:#000000; }\t\n\t<\/style><div id=\"rb-template-911\" class=\"rb-template-default\"><div class=\"rbt-contact-info\"><div class=\"rbt-ci-block\"><div><\/div><div><a href=\"mailto:&#112;&#114;axis&#064;&#110;&#097;t&#117;erl&#105;&#099;&#104;&#108;y&#100;&#105;a.d&#101;\">pra&#120;&#105;s&#064;&#110;&#097;t&#117;&#101;rl&#105;&#099;&#104;lydia&#046;de<\/a><\/div><\/div><div class=\"rbt-ci-block\"><div><\/div><div>025912063699<\/div><\/div><div class=\"rbt-ci-block\"><div><\/div><div><a href=\"www.natuerlichlydia.de\" target=\"_blank\">www.natuerlichlydia.de<\/a><\/div><\/div><div class=\"rbt-ci-block\"><div><\/div><div>L\u00fcdinghausen<\/div><\/div><\/div><\/div><\/div><div class=\"rbt-body\"><div class=\"rbt-column full\"><div id=\"rb-template-731\" class=\"rb-template-default\">\n\t\t<div class=\"rbt-introduction\" style=\"color:#000000;\"><p>Ganzheitliche Gesundheit bedeutet:<\/p><p>Deinen K\u00f6rper verstehen, deine Ern\u00e4hrung optimieren und dein seelisches Wohlbefinden st\u00e4rken.<\/p><p>Ich unterst\u00fctze dich mit Fachwissen und Herz- f\u00fcr deine Gesundheit, die zu dir passt.<\/p><p>Herausforderungen unterschiedlicher Art begegnen uns immer h\u00e4ufiger und lassen uns manchmal den Rhythmus verlieren. Die Naturheilkunde h\u00e4lt unterschiedliche M\u00f6glichkeiten bereit, den Rhythmus wieder zu finden.<\/p><p>Darin m\u00f6chte ich dich, <strong><em>Lydia Diekmann, Heilpraktikerin, Di\u00e4tassistentin, Psychologische Beraterin,<\/em><\/strong> begleiten.<\/p><p><u>Infektionsschutz-Ma\u00dfnahmen:<\/u><\/p><p>Bitte die Praxis bei Anzeichen von Erk\u00e4ltungssymptomen nur mit einem Mund \u2013 Nasenschutz betreten.<\/p><p>Bitte die H\u00e4nde am Eingang der Praxis desinfizieren.<\/p><p>Um Patientenkontakte zu minimieren, werden die Termine mit gen\u00fcgend zeitlichem Abstand zum Nachfolgepatient vereinbart.<\/p><p>Selbstverst\u00e4ndlich sind regelm\u00e4\u00dfiges L\u00fcften der R\u00e4ume und desinfizieren regelm\u00e4\u00dfig benutzter Kontaktfl\u00e4chen, sowie \u00fcbliche Hygienema\u00dfnahmen.<\/p><p><br><\/p><p><br><\/p><\/div>\t<\/div><style type=\"text\/css\">\n\t\t#rb-template-521,\n\t\t#rb-template-521 .rbt-history-blocks .rbt-history-block { color: #000000; }\n\t\t#rb-template-521 .rbt-section-heading { color: #f49390; }\n\t\t#rb-template-521 .rbt-history-blocks .rbt-history-block > div::before { background: #000000; }\n\t\t#rb-template-521 .rbt-history-blocks .rbt-history-place-time > span::after { background: #000000; }\n\t\t#rb-template-521 .rbt-history-blocks .rbt-history-block .rbt-history-job-degree:after { background: #f49390; }\n\t<\/style><div id=\"rb-template-521\" class=\"rb-template-default\"><div class=\"rbt-history-blocks\"><div class=\"rbt-history-block\"><div class=\"rbt-history-job-degree\">1966<\/div><div class=\"rbt-history-place-time\"><span class=\"rbt-history-dates\">geboren in Detmold<\/span><\/div><\/div><div class=\"rbt-history-block\"><div class=\"rbt-history-job-degree\">1984-1986<\/div><div class=\"rbt-history-place-time\"><span class=\"rbt-history-dates\">Fachabitur und Examen zur Di\u00e4tassistentin<\/span><\/div><\/div><div class=\"rbt-history-block\"><div class=\"rbt-history-job-degree\">1986-1992<\/div><div class=\"rbt-history-place-time\"><span class=\"rbt-history-dates\">Aus\u00fcbung des Berufs im Krankenhaus, Kurklinik und Hotel<\/span><\/div><\/div><div class=\"rbt-history-block\"><div class=\"rbt-history-job-degree\">1992<\/div><div class=\"rbt-history-place-time\"><span class=\"rbt-history-dates\">Heirat<\/span><\/div><\/div><div class=\"rbt-history-block\"><div class=\"rbt-history-job-degree\">1992-1995<\/div><div class=\"rbt-history-place-time\"><span class=\"rbt-history-dates\">Beratung und Verkauf im Naturkosthandel<\/span><\/div><\/div><div class=\"rbt-history-block\"><div class=\"rbt-history-job-degree\">1995\/1998<\/div><div class=\"rbt-history-place-time\"><span class=\"rbt-history-dates\">Geburten meiner T\u00f6chter<\/span><\/div><\/div><div class=\"rbt-history-block\"><div class=\"rbt-history-job-degree\">2009-2012<\/div><div class=\"rbt-history-place-time\"><span class=\"rbt-history-dates\">Ausbildung zur Heilpraktikerin, Hufelandschule Senden und Ausbildung in Irisdiagnose, Phytotherapie, Dorn-Breu\u00df-Therapie<\/span><\/div><\/div><div class=\"rbt-history-block\"><div class=\"rbt-history-job-degree\">08.03.2012<\/div><div class=\"rbt-history-place-time\"><span class=\"rbt-history-dates\">Amts\u00e4rztliche \u00dcberpr\u00fcfung zur Berufsbezeichnung Heilpraktikerin am Gesundheitsamt Steinfurt<\/span><\/div><\/div><div class=\"rbt-history-block\"><div class=\"rbt-history-job-degree\">2013<\/div><div class=\"rbt-history-place-time\"><span class=\"rbt-history-dates\">Start als Heilpraktikerin in eigener Praxis<\/span><\/div><\/div><div class=\"rbt-history-block\"><div class=\"rbt-history-job-degree\">2014<\/div><div class=\"rbt-history-place-time\"><span class=\"rbt-history-dates\">Weiterbildung in der Hildegard-Medizin, PhytAro-Schule Dortmund Ausbildung in Therapeutischer Frauenmassage bei Claudia Pfeiffer in Saarbr\u00fccken<\/span><\/div><\/div><div class=\"rbt-history-block\"><div class=\"rbt-history-job-degree\">2015-2016<\/div><div class=\"rbt-history-place-time\"><span class=\"rbt-history-dates\">Ausbildung zur Aromatherapeutin, PhytAro-Schule Dortmund<\/span><\/div><\/div><div class=\"rbt-history-block\"><div class=\"rbt-history-job-degree\">2018<\/div><div class=\"rbt-history-place-time\"><span class=\"rbt-history-dates\">Ausbildung in Katathymen Bilderleben (Teilbereich der Psychotherapie) PhytAro-Schule Dortmund<\/span><\/div><\/div><div class=\"rbt-history-block\"><div class=\"rbt-history-job-degree\">2019-2022<\/div><div class=\"rbt-history-place-time\"><span class=\"rbt-history-dates\">Ausbildung in naturheilkundliche Frauenheilkunde, Hormondiagnostik, PhytAro-Schule Dortmund, Marktapotheke-Greiff in Malching, Labor Enterosan<\/span><\/div><\/div><div class=\"rbt-history-block\"><div class=\"rbt-history-job-degree\">2024<\/div><div class=\"rbt-history-place-time\"><span class=\"rbt-history-dates\">Ausbildung zur Psychologischen Beraterin und Kognitiver Verhaltenstherapie Isolde Richter Schule Sowie j\u00e4hrliche Aktualisierungen zum Thema Ern\u00e4hrung, Darmgesundheit, Lifestyle, Ressourcen. (Berufsverband und Online-Schulungen)<\/span><\/div><\/div><\/div><\/div><\/div><\/div><\/div><\/section>\n<p style=\"text-align: center;\">Mitglied im BDH<\/p>\n<p><a href=\"http:\/\/www.xn--natrlichlydia-yob.de\/wp-content\/uploads\/2014\/07\/BDH.jpg\"><img loading=\"lazy\" decoding=\"async\" class=\"alignnone wp-image-95 aligncenter\" src=\"http:\/\/www.xn--natrlichlydia-yob.de\/wp-content\/uploads\/2014\/07\/BDH-150x150.jpg\" alt=\"BDH\" width=\"41\" height=\"41\" \/><\/a><\/p>\n<p><em>Bitte beachten Sie meine Datenschutzerkl\u00e4rung im Impressum.<\/em><\/p>\n","protected":false},"excerpt":{"rendered":"<p>Mitglied im BDH Bitte beachten Sie meine Datenschutzerkl\u00e4rung im Impressum.<\/p>\n","protected":false},"author":1,"featured_media":0,"parent":0,"menu_order":0,"comment_status":"closed","ping_status":"closed","template":"","meta":{"footnotes":""},"class_list":["post-81","page","type-page","status-publish","hentry"],"jetpack_sharing_enabled":true,"_links":{"self":[{"href":"http:\/\/www.natuerlichlydia.de\/index.php?rest_route=\/wp\/v2\/pages\/81","targetHints":{"allow":["GET"]}}],"collection":[{"href":"http:\/\/www.natuerlichlydia.de\/index.php?rest_route=\/wp\/v2\/pages"}],"about":[{"href":"http:\/\/www.natuerlichlydia.de\/index.php?rest_route=\/wp\/v2\/types\/page"}],"author":[{"embeddable":true,"href":"http:\/\/www.natuerlichlydia.de\/index.php?rest_route=\/wp\/v2\/users\/1"}],"replies":[{"embeddable":true,"href":"http:\/\/www.natuerlichlydia.de\/index.php?rest_route=%2Fwp%2Fv2%2Fcomments&post=81"}],"version-history":[{"count":31,"href":"http:\/\/www.natuerlichlydia.de\/index.php?rest_route=\/wp\/v2\/pages\/81\/revisions"}],"predecessor-version":[{"id":563,"href":"http:\/\/www.natuerlichlydia.de\/index.php?rest_route=\/wp\/v2\/pages\/81\/revisions\/563"}],"wp:attachment":[{"href":"http:\/\/www.natuerlichlydia.de\/index.php?rest_route=%2Fwp%2Fv2%2Fmedia&parent=81"}],"curies":[{"name":"wp","href":"https:\/\/api.w.org\/{rel}","templated":true}]}}